{"id":2,"date":"2020-08-24T17:08:15","date_gmt":"2020-08-24T15:08:15","guid":{"rendered":"http:\/\/cnc-expert.pl\/?page_id=2"},"modified":"2020-10-28T15:04:49","modified_gmt":"2020-10-28T14:04:49","slug":"page-d-exemple","status":"publish","type":"page","link":"https:\/\/cnc-expert.pl\/","title":{"rendered":""},"content":{"rendered":"\n<blockquote class=\"wp-block-quote\"><p>Swoj\u0105 przygod\u0119 z obr\u00f3bk\u0105 skrawaniem zacz\u0119li\u015bmy w roku 1990, poprzez prac\u0119 w kluczowych firmach Polskich jak i zagranicznych. Do\u015bwiadczenie zbierane przez \u0107wier\u0107 wieku zaowocowa\u0142o Powstaniem w roku 2015 Firmy CNC-EXPERT.<\/p><\/blockquote>\n\n\n\n<blockquote class=\"wp-block-quote\"><p><br>Od samego pocz\u0105tku postawili\u015bmy na obr\u00f3bk\u0119 skrawaniem z wykorzystaniem maszyn CNC, podczas zakupu maszyn zwracamy uwag\u0119 na mo\u017cliwo\u015b\u0107 wprowadzenia automatyzacji. Mimo zorientowania przedsi\u0119biorstwa na nowoczesny rozw\u00f3j nie zapominamy o Naszej przesz\u0142o\u015bci i rodowodzie, wzoruj\u0105c si\u0119 na Japo\u0144skich systemach zarz\u0105dzaniem Firm\u0105 i kontrol\u0105 jako\u015bci, nawet na naszych najstarszych konwencjonalnych maszynach jeste\u015bmy w stanie wykona\u0107 pojedyncze detale z mikronow\u0105 tolerancj\u0105.<\/p><\/blockquote>\n\n\n\n<p><br><\/p>\n\n\n\n<div class=\"wp-block-media-text alignwide is-vertically-aligned-center\" style=\"grid-template-columns:15% auto\"><figure class=\"wp-block-media-text__media\"><img src=\"https:\/\/cnc-expert.pl\/wp-content\/uploads\/2020\/10\/plus.png\" alt=\"\" class=\"wp-image-84\"\/><\/figure><div class=\"wp-block-media-text__content\">\n<h4><strong>Terminowo\u015b\u0107 dostaw +\/-1 dzie\u0144<br>Jako\u015b\u0107 i powtarzalno\u015b\u0107<br>Atesty materia\u0142owe<br>Elastyczno\u015b\u0107<br>Wszechstronno\u015b\u0107<br>Otwarto\u015b\u0107 na klient\u00f3w<br>Produkcja nisko i wielkoseryjna<br>Wykonujemy zlecenia p\u00f3\u0142produkt\u00f3w jak i ca\u0142ych urz\u0105dze\u0144<\/strong><\/h4>\n<\/div><\/div>\n\n\n\n<div class=\"wp-block-group\"><div class=\"wp-block-group__inner-container\"><\/div><\/div>\n","protected":false},"excerpt":{"rendered":"<p>Swoj\u0105 przygod\u0119 z obr\u00f3bk\u0105 skrawaniem zacz\u0119li\u015bmy w roku 1990, poprzez prac\u0119 w kluczowych firmach Polskich jak i zagranicznych. Do\u015bwiadczenie zbierane przez \u0107wier\u0107 wieku zaowocowa\u0142o Powstaniem w roku 2015 Firmy CNC-EXPERT. &#8230;<\/p>\n","protected":false},"author":1,"featured_media":0,"parent":0,"menu_order":0,"comment_status":"closed","ping_status":"open","template":"template-frontpage.php","meta":[],"_links":{"self":[{"href":"https:\/\/cnc-expert.pl\/index.php\/wp-json\/wp\/v2\/pages\/2"}],"collection":[{"href":"https:\/\/cnc-expert.pl\/index.php\/wp-json\/wp\/v2\/pages"}],"about":[{"href":"https:\/\/cnc-expert.pl\/index.php\/wp-json\/wp\/v2\/types\/page"}],"author":[{"embeddable":true,"href":"https:\/\/cnc-expert.pl\/index.php\/wp-json\/wp\/v2\/users\/1"}],"replies":[{"embeddable":true,"href":"https:\/\/cnc-expert.pl\/index.php\/wp-json\/wp\/v2\/comments?post=2"}],"version-history":[{"count":14,"href":"https:\/\/cnc-expert.pl\/index.php\/wp-json\/wp\/v2\/pages\/2\/revisions"}],"predecessor-version":[{"id":149,"href":"https:\/\/cnc-expert.pl\/index.php\/wp-json\/wp\/v2\/pages\/2\/revisions\/149"}],"wp:attachment":[{"href":"https:\/\/cnc-expert.pl\/index.php\/wp-json\/wp\/v2\/media?parent=2"}],"curies":[{"name":"wp","href":"https:\/\/api.w.org\/{rel}","templated":true}]}}